{"id":430,"date":"2023-05-08T09:12:09","date_gmt":"2023-05-08T09:12:09","guid":{"rendered":"https:\/\/hitsound.fi\/?post_type=product&#038;p=430"},"modified":"2023-05-08T09:31:28","modified_gmt":"2023-05-08T09:31:28","slug":"cd-the-best-of-mia-joki-tapahtukoon-sinun-tahtosi","status":"publish","type":"product","link":"https:\/\/hitsound.fi\/index.php\/tuote\/cd-the-best-of-mia-joki-tapahtukoon-sinun-tahtosi\/","title":{"rendered":"CD &#8216;The Best of Mia Joki &#8211; Tapahtukoon Sinun tahtosi&#8217;"},"content":{"rendered":"<p>Albumi on ensimm\u00e4inen Mia Joen kokoelma, mihin on koottu 14 suosikkikappaletta h\u00e4nen yhdeks\u00e4lt\u00e4 edelliselt\u00e4 albumiltaan. Useimmat\u00a0 albumit ovat loppuunmyyty, mutta nyt niiden toivotuimmat kappaleet l\u00f6ytyv\u00e4t uudelleen miksattuina tai remasteroituituina versioina uutuusalbumilta! Kappaleet ovat tuttuja mm. TV7:lt\u00e4, Radio Patmokselta ja YouTubesta.<\/p>\n","protected":false},"excerpt":{"rendered":"<p><!-- wp:list {\"ordered\":true} --><\/p>\n<ol>\n<li style=\"list-style-type: none;\">\n<ul><!-- wp:list-item --><\/p>\n<li>Matkalla Taivaaseen 3:50<\/li>\n<li>Jotka odottavat Herraa saavat uuden Voiman 3:32<\/li>\n<li>Halleluja 3:30<\/li>\n<li>Is\u00e4 meid\u00e4n 4:18<\/li>\n<li>Sun l\u00e4hell\u00e4 on niin hyv\u00e4 olla 4:07<\/li>\n<li>Nooa 4:37<\/li>\n<li>More Love 4:03<\/li>\n<li>Luovuttaa et saa 4:27<\/li>\n<li>Juna jyskytt\u00e4\u00e4 3:40<\/li>\n<li>Sinun on taivas ja maa 3:18<\/li>\n<li>Sulle valmis 3:25<\/li>\n<li>Jeesus voittanut on 3:55<\/li>\n<li>Herra suojele kansaamme 3:54<\/li>\n<li>Herra siunatkoon teit\u00e4 4:46<\/li>\n<\/ul>\n<\/li>\n<\/ol>\n<p><!-- \/wp:list-item --><\/p>\n<p><!-- \/wp:list --><\/p>\n","protected":false},"featured_media":433,"template":"","meta":{"spay_email":""},"product_cat":[18],"product_tag":[],"class_list":["post-430","product","type-product","status-publish","has-post-thumbnail","hentry","product_cat-yleinen"],"_links":{"self":[{"href":"https:\/\/hitsound.fi\/index.php\/wp-json\/wp\/v2\/product\/430","targetHints":{"allow":["GET"]}}],"collection":[{"href":"https:\/\/hitsound.fi\/index.php\/wp-json\/wp\/v2\/product"}],"about":[{"href":"https:\/\/hitsound.fi\/index.php\/wp-json\/wp\/v2\/types\/product"}],"wp:featuredmedia":[{"embeddable":true,"href":"https:\/\/hitsound.fi\/index.php\/wp-json\/wp\/v2\/media\/433"}],"wp:attachment":[{"href":"https:\/\/hitsound.fi\/index.php\/wp-json\/wp\/v2\/media?parent=430"}],"wp:term":[{"taxonomy":"product_cat","embeddable":true,"href":"https:\/\/hitsound.fi\/index.php\/wp-json\/wp\/v2\/product_cat?post=430"},{"taxonomy":"product_tag","embeddable":true,"href":"https:\/\/hitsound.fi\/index.php\/wp-json\/wp\/v2\/product_tag?post=430"}],"curies":[{"name":"wp","href":"https:\/\/api.w.org\/{rel}","templated":true}]}}