{"id":381,"date":"2022-05-29T18:19:21","date_gmt":"2022-05-29T18:19:21","guid":{"rendered":"https:\/\/hitsound.fi\/?post_type=product&#038;p=381"},"modified":"2023-05-08T09:01:23","modified_gmt":"2023-05-08T09:01:23","slug":"mia-joki-korkeimman-suojassa","status":"publish","type":"product","link":"https:\/\/hitsound.fi\/index.php\/tuote\/mia-joki-korkeimman-suojassa\/","title":{"rendered":"CD Mia Joki &#8216;Korkeimman suojassa&#8217;"},"content":{"rendered":"<p>Suositun TV- ja radiosarjan &#8216;Vain yksi tie&#8217; ja &#8216;Yksi tie&#8217; toivotuimmat kappaleet uudella albumilla. Mukana 13 kappaletta mm. &#8216;Korkeimman suojassa&#8217;, &#8216;Aamuruskon maa&#8217; ja\u00a0 &#8216;Juna jyskytt\u00e4\u00e4&#8217; (Radio Dein soittolistalla). Albumita huokuu kiitollisuus ja turvallisuus, mit\u00e4 ihminen tuntee &#8216;Korkeimman suojassa&#8217;.<\/p>\n","protected":false},"excerpt":{"rendered":"<ul>\n<li>Korkeimman suojassa \/ Psa.91 3:53<\/li>\n<li>Sun l\u00e4hell\u00e4 on niin hyv\u00e4 olla 4:00<\/li>\n<li>El\u00e4m\u00e4 on lahja 4:11<\/li>\n<li>El\u00e4\u00e4 saan 3:33<\/li>\n<li>Syliin 2:53<\/li>\n<li>H\u00e4n otti k\u00e4dest\u00e4 kii 3:43<\/li>\n<li>Laulan laulan 4:08<\/li>\n<li>Juna jyskytt\u00e4\u00e4 3:41<\/li>\n<li>Kunnia 4:30<\/li>\n<li>Sua janoan syd\u00e4meeni 5:27<\/li>\n<li>Niin kaunis maailmamme on 5:16<\/li>\n<li>Aamuruskon maa (Remake)\/ Psa.31 3:56<\/li>\n<li>Aina ja iankaikkisesti \/ Ilm.5 4:16<\/li>\n<\/ul>\n<p>.<\/p>\n","protected":false},"featured_media":383,"template":"","meta":{"spay_email":""},"product_cat":[18],"product_tag":[],"class_list":["post-381","product","type-product","status-publish","has-post-thumbnail","hentry","product_cat-yleinen"],"_links":{"self":[{"href":"https:\/\/hitsound.fi\/index.php\/wp-json\/wp\/v2\/product\/381","targetHints":{"allow":["GET"]}}],"collection":[{"href":"https:\/\/hitsound.fi\/index.php\/wp-json\/wp\/v2\/product"}],"about":[{"href":"https:\/\/hitsound.fi\/index.php\/wp-json\/wp\/v2\/types\/product"}],"wp:featuredmedia":[{"embeddable":true,"href":"https:\/\/hitsound.fi\/index.php\/wp-json\/wp\/v2\/media\/383"}],"wp:attachment":[{"href":"https:\/\/hitsound.fi\/index.php\/wp-json\/wp\/v2\/media?parent=381"}],"wp:term":[{"taxonomy":"product_cat","embeddable":true,"href":"https:\/\/hitsound.fi\/index.php\/wp-json\/wp\/v2\/product_cat?post=381"},{"taxonomy":"product_tag","embeddable":true,"href":"https:\/\/hitsound.fi\/index.php\/wp-json\/wp\/v2\/product_tag?post=381"}],"curies":[{"name":"wp","href":"https:\/\/api.w.org\/{rel}","templated":true}]}}