{"id":141,"date":"2022-01-21T23:10:05","date_gmt":"2022-01-21T23:10:05","guid":{"rendered":"https:\/\/hitsound.fi\/?post_type=product&#038;p=141"},"modified":"2022-05-29T18:26:04","modified_gmt":"2022-05-29T18:26:04","slug":"cd-mia-joki-uskollinen","status":"publish","type":"product","link":"https:\/\/hitsound.fi\/index.php\/tuote\/cd-mia-joki-uskollinen\/","title":{"rendered":"CD Mia Joki &#8216;Uskollinen&#8217;"},"content":{"rendered":"<p>TV7 &#8216;Vain yksi tie&#8217; ja Radio Patmoksem &#8216;Yksi tie&#8217; ohjelmasta tuttua musiikkia! Gospelin syvimp\u00e4\u00e4n ytimeen porautuvia sanoituksia kuullaan kauniiden balladien lis\u00e4ksi rytmikk\u00e4\u00e4n Mombahin, aurinkoisen Reggaentonin, sek\u00e4 espanjalaisten kitaroiden ja jousiorkestereiden tahdittamana.<\/p>\n","protected":false},"excerpt":{"rendered":"<ul>\n<li><span class=\"tadv-color\">Halleluja<\/span><\/li>\n<li><span class=\"tadv-color\">Herra Sua kiitt\u00e4\u00e4 saan<\/span><\/li>\n<li><span class=\"tadv-color\">Uskollinen<\/span><\/li>\n<li><span class=\"tadv-color\">Sinun on taivas ja maa<\/span><\/li>\n<li><span class=\"tadv-color\">Kiitt\u00e4\u00e4 m\u00e4 saan<\/span><\/li>\n<li><span class=\"tadv-color\">Olet ihana<\/span><\/li>\n<li><span class=\"tadv-color\">Lahja Jumalan<\/span><\/li>\n<li><span class=\"tadv-color\">Iankaikkisen el\u00e4m\u00e4n<\/span><\/li>\n<li><span class=\"tadv-color\">Kuka sua rakastaa<\/span><\/li>\n<li><span class=\"tadv-color\">Kruunataan<\/span><\/li>\n<li><span class=\"tadv-color\">Armoistuin (New Version)<\/span><\/li>\n<\/ul>\n","protected":false},"featured_media":65,"template":"","meta":{"spay_email":""},"product_cat":[18],"product_tag":[],"class_list":["post-141","product","type-product","status-publish","has-post-thumbnail","hentry","product_cat-yleinen"],"_links":{"self":[{"href":"https:\/\/hitsound.fi\/index.php\/wp-json\/wp\/v2\/product\/141","targetHints":{"allow":["GET"]}}],"collection":[{"href":"https:\/\/hitsound.fi\/index.php\/wp-json\/wp\/v2\/product"}],"about":[{"href":"https:\/\/hitsound.fi\/index.php\/wp-json\/wp\/v2\/types\/product"}],"wp:featuredmedia":[{"embeddable":true,"href":"https:\/\/hitsound.fi\/index.php\/wp-json\/wp\/v2\/media\/65"}],"wp:attachment":[{"href":"https:\/\/hitsound.fi\/index.php\/wp-json\/wp\/v2\/media?parent=141"}],"wp:term":[{"taxonomy":"product_cat","embeddable":true,"href":"https:\/\/hitsound.fi\/index.php\/wp-json\/wp\/v2\/product_cat?post=141"},{"taxonomy":"product_tag","embeddable":true,"href":"https:\/\/hitsound.fi\/index.php\/wp-json\/wp\/v2\/product_tag?post=141"}],"curies":[{"name":"wp","href":"https:\/\/api.w.org\/{rel}","templated":true}]}}