{"id":7,"date":"2022-01-20T22:19:23","date_gmt":"2022-01-20T22:19:23","guid":{"rendered":"https:\/\/hitsound.fi\/?page_id=7"},"modified":"2023-05-15T20:05:10","modified_gmt":"2023-05-15T20:05:10","slug":"ota-yhteytta","status":"publish","type":"page","link":"https:\/\/hitsound.fi\/index.php\/ota-yhteytta\/","title":{"rendered":"Ota yhteytt\u00e4"},"content":{"rendered":"\n<p class=\"has-primary-color has-text-color has-background\" style=\"background-color:#2c2828\">Isot tai pienet keikat, konsertit tai multimediatapahtumat. Kerro toiveistasi!<\/p>\n\n\n\n<blockquote class=\"wp-block-quote is-style-large is-layout-flow wp-block-quote-is-layout-flow\">\n<p>040 5760442    <a href=\"mailto:joki@hitsound.fi\" target=\"_blank\" rel=\"noreferrer noopener\">email<\/a><\/p>\n<\/blockquote>\n\n\n\n<p class=\"has-primary-color has-text-color has-background\" style=\"background-color:#2c2828\">Sivustomme, joissa lis\u00e4tietoa ohjelmien ajankohdista, todistajista, tulevasta ohjelmistosta:<\/p>\n\n\n\n<blockquote class=\"wp-block-quote is-style-large is-layout-flow wp-block-quote-is-layout-flow\">\n<p><a href=\"http:\/\/vainyksitie.net\" target=\"_blank\" rel=\"noreferrer noopener\">vainyksitie.net<\/a><\/p>\n<\/blockquote>\n\n\n\n<p class=\"has-primary-color has-text-color has-background\" style=\"background-color:#2c2828\">Artistimme oma kotisivu, jossa musiikintekemisen taustaa, kuvia, sek\u00e4 erilliset teemat: l\u00f6yt\u00f6koira, vauva, h\u00e4\u00e4t, sisustus. Tervetuloa katsomaan!<\/p>\n\n\n\n<blockquote class=\"wp-block-quote is-style-large is-layout-flow wp-block-quote-is-layout-flow\">\n<p><a href=\"http:\/\/miajoki.com\" target=\"_blank\" rel=\"noreferrer noopener\">miajoki.com<\/a>           <a rel=\"noreferrer noopener\" href=\"https:\/\/www.facebook.com\/miamariannejoki\" target=\"_blank\">Facebook<\/a><\/p>\n<\/blockquote>\n","protected":false},"excerpt":{"rendered":"<p>Isot tai pienet keikat, konsertit tai multimediatapahtumat. Kerro toiveistasi! 040 5760442 email Sivustomme, joissa lis\u00e4tietoa ohjelmien ajankohdista, todistajista, tulevasta ohjelmistosta: vainyksitie.net Artistimme oma kotisivu, jossa musiikintekemisen taustaa, kuvia, sek\u00e4 erilliset teemat: l\u00f6yt\u00f6koira, vauva, h\u00e4\u00e4t, sisustus. Tervetuloa katsomaan! miajoki.com Facebook<\/p>\n","protected":false},"author":1,"featured_media":226,"parent":0,"menu_order":0,"comment_status":"closed","ping_status":"closed","template":"","meta":{"spay_email":"","footnotes":""},"class_list":["post-7","page","type-page","status-publish","has-post-thumbnail","hentry"],"_links":{"self":[{"href":"https:\/\/hitsound.fi\/index.php\/wp-json\/wp\/v2\/pages\/7","targetHints":{"allow":["GET"]}}],"collection":[{"href":"https:\/\/hitsound.fi\/index.php\/wp-json\/wp\/v2\/pages"}],"about":[{"href":"https:\/\/hitsound.fi\/index.php\/wp-json\/wp\/v2\/types\/page"}],"author":[{"embeddable":true,"href":"https:\/\/hitsound.fi\/index.php\/wp-json\/wp\/v2\/users\/1"}],"replies":[{"embeddable":true,"href":"https:\/\/hitsound.fi\/index.php\/wp-json\/wp\/v2\/comments?post=7"}],"version-history":[{"count":15,"href":"https:\/\/hitsound.fi\/index.php\/wp-json\/wp\/v2\/pages\/7\/revisions"}],"predecessor-version":[{"id":446,"href":"https:\/\/hitsound.fi\/index.php\/wp-json\/wp\/v2\/pages\/7\/revisions\/446"}],"wp:featuredmedia":[{"embeddable":true,"href":"https:\/\/hitsound.fi\/index.php\/wp-json\/wp\/v2\/media\/226"}],"wp:attachment":[{"href":"https:\/\/hitsound.fi\/index.php\/wp-json\/wp\/v2\/media?parent=7"}],"curies":[{"name":"wp","href":"https:\/\/api.w.org\/{rel}","templated":true}]}}