{"id":52,"date":"2022-01-20T22:57:49","date_gmt":"2022-01-20T22:57:49","guid":{"rendered":"https:\/\/hitsound.fi\/?page_id=52"},"modified":"2025-02-09T00:43:06","modified_gmt":"2025-02-09T00:43:06","slug":"hitsoud","status":"publish","type":"page","link":"https:\/\/hitsound.fi\/index.php\/hitsoud\/","title":{"rendered":"Hitsoud"},"content":{"rendered":"\n<p class=\"has-primary-color has-background-background-color has-text-color has-background\">Levy-ja ohjelmatuotantoyhti\u00f6ll\u00e4 on 30 vuoden tie takanaan. Ennen Hitsound j\u00e4rjesti mittavia suurtapahtumia ja sill\u00e4 oli useita ty\u00f6ntekij\u00f6it\u00e4, mutta toimitusjohtajan uskoontulon my\u00f6t\u00e4, my\u00f6s yhti\u00f6n linja muuttui kokonaan. Nyky\u00e4\u00e4n Hitsound tuottaa selv\u00e4sti kristillisi\u00e4 TV ja radio-ohjelmia, sek\u00e4 musiikkia.<\/p>\n\n\n\n<figure class=\"wp-block-embed is-type-video is-provider-youtube wp-block-embed-youtube wp-embed-aspect-16-9 wp-has-aspect-ratio\"><div class=\"wp-block-embed__wrapper\">\n<iframe loading=\"lazy\" title=\"Vain yksi tie TV- ja Radio-ohjelmasarja\" width=\"580\" height=\"326\" src=\"https:\/\/www.youtube.com\/embed\/Zk6jitSxdYU?feature=oembed\" frameborder=\"0\" allow=\"accelerometer; autoplay; clipboard-write; encrypted-media; gyroscope; picture-in-picture; web-share\" referrerpolicy=\"strict-origin-when-cross-origin\" allowfullscreen><\/iframe>\n<\/div><\/figure>\n\n\n\n<h2 class=\"wp-block-heading\" id=\"vain-yksi-tie-ohjelmat\">Vain yksi tie -ohjelmat<\/h2>\n\n\n\n<p class=\"has-primary-color has-background-background-color has-text-color has-background\">Hitsound alkoi tuottamaan &#8216;Vain yksi tie&#8217; -ohjelmia seitsem\u00e4n vuotta sitten. Nyt jaksoja on kertynyt 100 kpl ja tuotanto jatkuu. Todistajien uskomattomat el\u00e4m\u00e4ntarinat ovat kiinnostaneet katsojia niin paljon, ett\u00e4 useimmiten sarja on katsotuimpien listalla TV7-kanavalla. <\/p>\n\n\n\n<figure class=\"wp-block-embed is-type-video is-provider-youtube wp-block-embed-youtube wp-embed-aspect-16-9 wp-has-aspect-ratio\"><div class=\"wp-block-embed__wrapper\">\n<iframe loading=\"lazy\" title=\"Tilaa itsellesi Vain yksi tie -kanava\" width=\"580\" height=\"326\" src=\"https:\/\/www.youtube.com\/embed\/v_KDSNcTVtY?feature=oembed\" frameborder=\"0\" allow=\"accelerometer; autoplay; clipboard-write; encrypted-media; gyroscope; picture-in-picture; web-share\" referrerpolicy=\"strict-origin-when-cross-origin\" allowfullscreen><\/iframe>\n<\/div><\/figure>\n\n\n\n<h2 class=\"wp-block-heading\" id=\"musiikkivideot\">Musiikkivideot<\/h2>\n\n\n\n<p class=\"has-primary-color has-background-background-color has-text-color has-background\">Hitsound on julkaissut kymmenen albumin ja 16 singlen lis\u00e4ksi 90 musiikkivideota. Suuri osa niist\u00e4 on kuvattu kuvausmatkoilla karuilla paikoilla, kuten Kreikan saaret (Patmos, Kreeta) sek\u00e4 raamatullisilla paikoilla (Jerusalem, Korintti jne.). Videoita on n\u00e4ht\u00e4vissa ohjelmien lis\u00e4ksi esim YouTube-kanavalla &#8216;<a href=\"https:\/\/www.youtube.com\/c\/hitsoundrec\/videos\" target=\"_blank\" rel=\"noreferrer noopener\">hitsoundrec&#8217;<\/a> tai &#8216;<a href=\"https:\/\/www.youtube.com\/watch?v=o7IssAbjnGs\" target=\"_blank\" rel=\"noreferrer noopener\">Mia Joki<\/a>&#8216;.<\/p>\n\n\n\n<figure class=\"wp-block-embed is-type-video is-provider-youtube wp-block-embed-youtube wp-embed-aspect-16-9 wp-has-aspect-ratio\"><div class=\"wp-block-embed__wrapper\">\n<iframe loading=\"lazy\" title=\"MIA JOKI &#039;Pojan edessa\u0308&#039;\" width=\"580\" height=\"326\" src=\"https:\/\/www.youtube.com\/embed\/kt44-kxTTKY?feature=oembed\" frameborder=\"0\" allow=\"accelerometer; autoplay; clipboard-write; encrypted-media; gyroscope; picture-in-picture; web-share\" referrerpolicy=\"strict-origin-when-cross-origin\" allowfullscreen><\/iframe>\n<\/div><\/figure>\n","protected":false},"excerpt":{"rendered":"<p>Levy-ja ohjelmatuotantoyhti\u00f6ll\u00e4 on 30 vuoden tie takanaan. Ennen Hitsound j\u00e4rjesti mittavia suurtapahtumia ja sill\u00e4 oli useita ty\u00f6ntekij\u00f6it\u00e4, mutta toimitusjohtajan uskoontulon my\u00f6t\u00e4, my\u00f6s yhti\u00f6n linja muuttui kokonaan. Nyky\u00e4\u00e4n Hitsound tuottaa selv\u00e4sti kristillisi\u00e4 TV ja radio-ohjelmia, sek\u00e4 musiikkia. Vain yksi tie -ohjelmat Hitsound alkoi tuottamaan &#8216;Vain yksi tie&#8217; -ohjelmia seitsem\u00e4n vuotta sitten. Nyt jaksoja on kertynyt 100 [&hellip;]<\/p>\n","protected":false},"author":1,"featured_media":34,"parent":0,"menu_order":0,"comment_status":"closed","ping_status":"closed","template":"","meta":{"spay_email":"","footnotes":""},"class_list":["post-52","page","type-page","status-publish","has-post-thumbnail","hentry"],"_links":{"self":[{"href":"https:\/\/hitsound.fi\/index.php\/wp-json\/wp\/v2\/pages\/52","targetHints":{"allow":["GET"]}}],"collection":[{"href":"https:\/\/hitsound.fi\/index.php\/wp-json\/wp\/v2\/pages"}],"about":[{"href":"https:\/\/hitsound.fi\/index.php\/wp-json\/wp\/v2\/types\/page"}],"author":[{"embeddable":true,"href":"https:\/\/hitsound.fi\/index.php\/wp-json\/wp\/v2\/users\/1"}],"replies":[{"embeddable":true,"href":"https:\/\/hitsound.fi\/index.php\/wp-json\/wp\/v2\/comments?post=52"}],"version-history":[{"count":13,"href":"https:\/\/hitsound.fi\/index.php\/wp-json\/wp\/v2\/pages\/52\/revisions"}],"predecessor-version":[{"id":483,"href":"https:\/\/hitsound.fi\/index.php\/wp-json\/wp\/v2\/pages\/52\/revisions\/483"}],"wp:featuredmedia":[{"embeddable":true,"href":"https:\/\/hitsound.fi\/index.php\/wp-json\/wp\/v2\/media\/34"}],"wp:attachment":[{"href":"https:\/\/hitsound.fi\/index.php\/wp-json\/wp\/v2\/media?parent=52"}],"curies":[{"name":"wp","href":"https:\/\/api.w.org\/{rel}","templated":true}]}}