{"id":252,"date":"2022-01-23T00:01:26","date_gmt":"2022-01-23T00:01:26","guid":{"rendered":"https:\/\/hitsound.fi\/?page_id=252"},"modified":"2025-02-09T02:04:42","modified_gmt":"2025-02-09T02:04:42","slug":"musiikkijulkaisut","status":"publish","type":"page","link":"https:\/\/hitsound.fi\/index.php\/musiikkijulkaisut\/","title":{"rendered":"Musiikki"},"content":{"rendered":"\n<blockquote class=\"wp-block-quote is-style-large is-layout-flow wp-block-quote-is-layout-flow\">\n<p>&#8220;Kun olin myynyt 45 000 levy\u00e4ni ja lopettanut urani ravintola- ja radio DJ:n\u00e4, koitti hiljainen aika&#8230; Sitten Jumala antoi minulle musiikin uudelleen, nyt aivan uudella tavalla. Tahdon tehd\u00e4 musiikkia, mik\u00e4 kertoo Jumalan rakkaudesta ihmist\u00e4 kohtaan.&#8221;<\/p>\n\n\n\n<p><\/p>\n<\/blockquote>\n\n\n\n<p class=\"has-background-background-color has-text-color has-background\" style=\"color:#a5f8f3\">CD-tuotanto alkoi vuonna 2000, jolloin &#8216;Uusi syd\u00e4n&#8217; julkaistiin sisarusparven laulamana. Aiheesta uutisoi kymmenen eri lehte\u00e4. Nyt, vuoteen 2025 menness\u00e4, Hitsound on julkaissut 10 t\u00e4yspitk\u00e4\u00e4 albumia ja 16 single\u00e4. 10.6.22 julkaistiin albumi: Mia Joki &#8216;Korkeimman suojassa&#8217;, jota seurasi Suomen kiertue. 13.5.23 julkaistiin Tampereella juhla-albumi: &#8216;Best of Mia Joki &#8211; Tapahtukoon Sinun tahtosi&#8217;. Nyt on tekeill\u00e4 toinen englanninkielinen albumi, mink\u00e4 ty\u00f6nimmi on &#8216;Big Big Love&#8217;. <a href=\"https:\/\/miajoki.com\/wp\/keikkakalenteri-2020\/\" target=\"_blank\" rel=\"noreferrer noopener\">Katso Mian tulevat keikat.<\/a><\/p>\n\n\n\n<figure class=\"wp-block-image size-large\"><img loading=\"lazy\" decoding=\"async\" width=\"1024\" height=\"1024\" src=\"https:\/\/hitsound.fi\/wp-content\/uploads\/2023\/05\/Best.kansi_.3000-1024x1024.jpg\" alt=\"\" class=\"wp-image-433\" srcset=\"https:\/\/hitsound.fi\/wp-content\/uploads\/2023\/05\/Best.kansi_.3000-1024x1024.jpg 1024w, https:\/\/hitsound.fi\/wp-content\/uploads\/2023\/05\/Best.kansi_.3000-300x300.jpg 300w, https:\/\/hitsound.fi\/wp-content\/uploads\/2023\/05\/Best.kansi_.3000-150x150.jpg 150w, https:\/\/hitsound.fi\/wp-content\/uploads\/2023\/05\/Best.kansi_.3000-768x768.jpg 768w, https:\/\/hitsound.fi\/wp-content\/uploads\/2023\/05\/Best.kansi_.3000-1536x1536.jpg 1536w, https:\/\/hitsound.fi\/wp-content\/uploads\/2023\/05\/Best.kansi_.3000-2048x2048.jpg 2048w, https:\/\/hitsound.fi\/wp-content\/uploads\/2023\/05\/Best.kansi_.3000-1200x1200.jpg 1200w, https:\/\/hitsound.fi\/wp-content\/uploads\/2023\/05\/Best.kansi_.3000-1980x1980.jpg 1980w, https:\/\/hitsound.fi\/wp-content\/uploads\/2023\/05\/Best.kansi_.3000-450x450.jpg 450w, https:\/\/hitsound.fi\/wp-content\/uploads\/2023\/05\/Best.kansi_.3000-600x600.jpg 600w, https:\/\/hitsound.fi\/wp-content\/uploads\/2023\/05\/Best.kansi_.3000-100x100.jpg 100w\" sizes=\"auto, (max-width: 1024px) 100vw, 1024px\" \/><figcaption class=\"wp-element-caption\">Juhla-albumijulkaisu 13.5.23<\/figcaption><\/figure>\n\n\n\n<h2 class=\"wp-block-heading\" id=\"hitsoundin-musiikkijulkaisut\">Hitsoundin musiikkijulkaisut<\/h2>\n\n\n\n<ul class=\"wp-block-list\">\n<li>Single Mia Joki &#8216;Pojan edess\u00e4&#8217; 2024<\/li>\n\n\n\n<li>CD Mia Joki &#8216;The Best of Mia Joki &#8211; Tapahtukoon Sinun tahtosi&#8217; 2023<\/li>\n\n\n\n<li>Single Mia Joki &#8216;Is\u00e4 meid\u00e4n&#8217; 2023<\/li>\n\n\n\n<li>Single Mia Joki &#8216;Joulu joulu&#8217; 2023<\/li>\n\n\n\n<li>CD Mia Joki &#8216;Korkeimman suojassa&#8217; 2022<\/li>\n\n\n\n<li>Single Mia Joki &amp; Andrij Stasevskij &#8216;Aamuruskon maa Remake&#8217; 2022<\/li>\n\n\n\n<li>Single Mia Joki &#8216;Juna jyskytt\u00e4\u00e4&#8217; 2022<\/li>\n\n\n\n<li>Single Mia Joki \u2019Kerran kauan sitten\u2019 2021<\/li>\n\n\n\n<li>Single Mia Joki \u2019Aina ja iankaikkisesti\u2019 2021<\/li>\n\n\n\n<li>Single Mia Joki \u2019El\u00e4\u00e4 saan\u2019 2021<\/li>\n\n\n\n<li>Single Mia Joki \u2019Laulan laulan\u2019 2021<\/li>\n\n\n\n<li>Single Mia Joki \u2019Valo maailman\u2019 2020<\/li>\n\n\n\n<li>CD Mia Joki \u2019Uskollinen\u2019 2020<\/li>\n\n\n\n<li>CD Mia Joki &amp; Gospel Riders \u2019Sulle valmis\u2019 2016<\/li>\n\n\n\n<li>Single Mia Joki &amp; GR \u2019Saan ajaa kohti Taivasta\u2019 2016<\/li>\n\n\n\n<li>DVD Mia Joki \u2019Aamuruskon maa\u2019 2015<\/li>\n\n\n\n<li>Single Mia Joki \u2019Nooa\u2019 Remake 2015<\/li>\n\n\n\n<li>CD Mia Joki \u2019Aamuruskon maa\u2019 2013<\/li>\n\n\n\n<li>CD Mia Joki \u2019Kuin kyyhkynen\u2019 2006<\/li>\n\n\n\n<li>Single Mia Joki \u2019Nooa\u2019 2006<\/li>\n\n\n\n<li>Single Mia Joki \u2019I Miss You\u2019 2003<\/li>\n\n\n\n<li>CD Mia Joki \u2019What Is Love about\u2019 2003<\/li>\n\n\n\n<li>CD Seitsem\u00e4n \u2019H\u00e4n\u2019 2002<\/li>\n\n\n\n<li>CD Siskot \u2019Hyv\u00e4\u00e4 joulua\u2019 2001<\/li>\n\n\n\n<li>Single Siskot \u2019Aamuhetki\u2019 2001<\/li>\n\n\n\n<li>Single Siskot \u2019Hyv\u00e4\u00e4 joulua\u2019 2001<\/li>\n\n\n\n<li>CD Voice of God \u2019Uusi syd\u00e4n\u2019 2000<\/li>\n<\/ul>\n\n\n\n<div class=\"wp-block-group\"><div class=\"wp-block-group__inner-container is-layout-flow wp-block-group-is-layout-flow\">\n<div class=\"wp-block-jetpack-tiled-gallery aligncenter is-style-square\"><div class=\"tiled-gallery__gallery\"><div class=\"tiled-gallery__row columns-3\"><div class=\"tiled-gallery__col\"><figure class=\"tiled-gallery__item\"><img decoding=\"async\" srcset=\"https:\/\/i1.wp.com\/hitsound.fi\/wp-content\/uploads\/2022\/04\/cd.final_-1024x1024.jpg?resize=600%2C600&#038;strip=info&#038;ssl=1 600w,https:\/\/i1.wp.com\/hitsound.fi\/wp-content\/uploads\/2022\/04\/cd.final_-1024x1024.jpg?resize=900%2C900&#038;strip=info&#038;ssl=1 900w,https:\/\/i1.wp.com\/hitsound.fi\/wp-content\/uploads\/2022\/04\/cd.final_-1024x1024.jpg?resize=1200%2C1200&#038;strip=info&#038;ssl=1 1200w,https:\/\/i1.wp.com\/hitsound.fi\/wp-content\/uploads\/2022\/04\/cd.final_-1024x1024.jpg?resize=1500%2C1500&#038;strip=info&#038;ssl=1 1500w,https:\/\/i1.wp.com\/hitsound.fi\/wp-content\/uploads\/2022\/04\/cd.final_-1024x1024.jpg?resize=1800%2C1800&#038;strip=info&#038;ssl=1 1800w,https:\/\/i1.wp.com\/hitsound.fi\/wp-content\/uploads\/2022\/04\/cd.final_-1024x1024.jpg?resize=2000%2C2000&#038;strip=info&#038;ssl=1 2000w\" alt=\"\" data-height=\"2560\" data-id=\"356\" data-link=\"https:\/\/hitsound.fi\/index.php\/the-new-umoma-opens-its-doors-2\/cd-final_\/\" data-url=\"https:\/\/hitsound.fi\/wp-content\/uploads\/2022\/04\/cd.final_-1024x1024.jpg\" data-width=\"2560\" src=\"https:\/\/i1.wp.com\/hitsound.fi\/wp-content\/uploads\/2022\/04\/cd.final_-1024x1024.jpg?ssl=1&amp;resize=2000%2C2000\" data-amp-layout=\"responsive\"\/><\/figure><\/div><div class=\"tiled-gallery__col\"><figure class=\"tiled-gallery__item\"><img decoding=\"async\" srcset=\"https:\/\/i0.wp.com\/hitsound.fi\/wp-content\/uploads\/2022\/03\/kansi.2-1024x1024.jpg?resize=600%2C600&#038;strip=info&#038;ssl=1 600w,https:\/\/i0.wp.com\/hitsound.fi\/wp-content\/uploads\/2022\/03\/kansi.2-1024x1024.jpg?resize=900%2C900&#038;strip=info&#038;ssl=1 900w,https:\/\/i0.wp.com\/hitsound.fi\/wp-content\/uploads\/2022\/03\/kansi.2-1024x1024.jpg?resize=1200%2C1200&#038;strip=info&#038;ssl=1 1200w,https:\/\/i0.wp.com\/hitsound.fi\/wp-content\/uploads\/2022\/03\/kansi.2-1024x1024.jpg?resize=1500%2C1500&#038;strip=info&#038;ssl=1 1500w,https:\/\/i0.wp.com\/hitsound.fi\/wp-content\/uploads\/2022\/03\/kansi.2-1024x1024.jpg?resize=1800%2C1800&#038;strip=info&#038;ssl=1 1800w,https:\/\/i0.wp.com\/hitsound.fi\/wp-content\/uploads\/2022\/03\/kansi.2-1024x1024.jpg?resize=2000%2C2000&#038;strip=info&#038;ssl=1 2000w\" alt=\"\" data-height=\"2560\" data-id=\"338\" data-link=\"https:\/\/hitsound.fi\/index.php\/musiikkijulkaisut\/kansi-2\/\" data-url=\"https:\/\/hitsound.fi\/wp-content\/uploads\/2022\/03\/kansi.2-1024x1024.jpg\" data-width=\"2560\" src=\"https:\/\/i0.wp.com\/hitsound.fi\/wp-content\/uploads\/2022\/03\/kansi.2-1024x1024.jpg?ssl=1&amp;resize=2000%2C2000\" data-amp-layout=\"responsive\"\/><\/figure><\/div><div class=\"tiled-gallery__col\"><figure class=\"tiled-gallery__item\"><img decoding=\"async\" srcset=\"https:\/\/i1.wp.com\/hitsound.fi\/wp-content\/uploads\/2022\/01\/uskollinen.kansi_-1024x1011.jpg?resize=600%2C600&#038;strip=info&#038;ssl=1 600w,https:\/\/i1.wp.com\/hitsound.fi\/wp-content\/uploads\/2022\/01\/uskollinen.kansi_-1024x1011.jpg?resize=900%2C900&#038;strip=info&#038;ssl=1 900w,https:\/\/i1.wp.com\/hitsound.fi\/wp-content\/uploads\/2022\/01\/uskollinen.kansi_-1024x1011.jpg?resize=1200%2C1200&#038;strip=info&#038;ssl=1 1200w,https:\/\/i1.wp.com\/hitsound.fi\/wp-content\/uploads\/2022\/01\/uskollinen.kansi_-1024x1011.jpg?resize=1416%2C1416&#038;strip=info&#038;ssl=1 1416w\" alt=\"\" data-height=\"1416\" data-id=\"65\" data-link=\"https:\/\/hitsound.fi\/index.php\/the-new-umoma-opens-its-doors-2\/uskollinen-kansi\/\" data-url=\"https:\/\/hitsound.fi\/wp-content\/uploads\/2022\/01\/uskollinen.kansi_-1024x1011.jpg\" data-width=\"1434\" src=\"https:\/\/i1.wp.com\/hitsound.fi\/wp-content\/uploads\/2022\/01\/uskollinen.kansi_-1024x1011.jpg?ssl=1&amp;resize=1416%2C1416\" data-amp-layout=\"responsive\"\/><\/figure><\/div><\/div><div class=\"tiled-gallery__row columns-3\"><div class=\"tiled-gallery__col\"><figure class=\"tiled-gallery__item\"><img decoding=\"async\" srcset=\"https:\/\/i0.wp.com\/hitsound.fi\/wp-content\/uploads\/2022\/01\/Kerran.kauan_.sitten-1024x1024.jpg?resize=600%2C600&#038;strip=info&#038;ssl=1 600w,https:\/\/i0.wp.com\/hitsound.fi\/wp-content\/uploads\/2022\/01\/Kerran.kauan_.sitten-1024x1024.jpg?resize=900%2C900&#038;strip=info&#038;ssl=1 900w,https:\/\/i0.wp.com\/hitsound.fi\/wp-content\/uploads\/2022\/01\/Kerran.kauan_.sitten-1024x1024.jpg?resize=1200%2C1200&#038;strip=info&#038;ssl=1 1200w,https:\/\/i0.wp.com\/hitsound.fi\/wp-content\/uploads\/2022\/01\/Kerran.kauan_.sitten-1024x1024.jpg?resize=1500%2C1500&#038;strip=info&#038;ssl=1 1500w,https:\/\/i0.wp.com\/hitsound.fi\/wp-content\/uploads\/2022\/01\/Kerran.kauan_.sitten-1024x1024.jpg?resize=1800%2C1800&#038;strip=info&#038;ssl=1 1800w,https:\/\/i0.wp.com\/hitsound.fi\/wp-content\/uploads\/2022\/01\/Kerran.kauan_.sitten-1024x1024.jpg?resize=2000%2C2000&#038;strip=info&#038;ssl=1 2000w\" alt=\"\" data-height=\"2560\" data-id=\"267\" data-link=\"https:\/\/hitsound.fi\/index.php\/musiikkijulkaisut\/kerran-kauan-sitten\/\" data-url=\"https:\/\/hitsound.fi\/wp-content\/uploads\/2022\/01\/Kerran.kauan_.sitten-1024x1024.jpg\" data-width=\"2560\" src=\"https:\/\/i0.wp.com\/hitsound.fi\/wp-content\/uploads\/2022\/01\/Kerran.kauan_.sitten-1024x1024.jpg?ssl=1&amp;resize=2000%2C2000\" data-amp-layout=\"responsive\"\/><\/figure><\/div><div class=\"tiled-gallery__col\"><figure class=\"tiled-gallery__item\"><img decoding=\"async\" srcset=\"https:\/\/i2.wp.com\/hitsound.fi\/wp-content\/uploads\/2022\/01\/Aina-ja-iankaikkisesti.final_-1-1024x1024.jpg?resize=600%2C600&#038;strip=info&#038;ssl=1 600w,https:\/\/i2.wp.com\/hitsound.fi\/wp-content\/uploads\/2022\/01\/Aina-ja-iankaikkisesti.final_-1-1024x1024.jpg?resize=900%2C900&#038;strip=info&#038;ssl=1 900w,https:\/\/i2.wp.com\/hitsound.fi\/wp-content\/uploads\/2022\/01\/Aina-ja-iankaikkisesti.final_-1-1024x1024.jpg?resize=1200%2C1200&#038;strip=info&#038;ssl=1 1200w,https:\/\/i2.wp.com\/hitsound.fi\/wp-content\/uploads\/2022\/01\/Aina-ja-iankaikkisesti.final_-1-1024x1024.jpg?resize=1500%2C1500&#038;strip=info&#038;ssl=1 1500w,https:\/\/i2.wp.com\/hitsound.fi\/wp-content\/uploads\/2022\/01\/Aina-ja-iankaikkisesti.final_-1-1024x1024.jpg?resize=1800%2C1800&#038;strip=info&#038;ssl=1 1800w,https:\/\/i2.wp.com\/hitsound.fi\/wp-content\/uploads\/2022\/01\/Aina-ja-iankaikkisesti.final_-1-1024x1024.jpg?resize=2000%2C2000&#038;strip=info&#038;ssl=1 2000w\" alt=\"\" data-height=\"2560\" data-id=\"268\" data-link=\"https:\/\/hitsound.fi\/index.php\/musiikkijulkaisut\/aina-ja-iankaikkisesti-final\/\" data-url=\"https:\/\/hitsound.fi\/wp-content\/uploads\/2022\/01\/Aina-ja-iankaikkisesti.final_-1-1024x1024.jpg\" data-width=\"2560\" src=\"https:\/\/i2.wp.com\/hitsound.fi\/wp-content\/uploads\/2022\/01\/Aina-ja-iankaikkisesti.final_-1-1024x1024.jpg?ssl=1&amp;resize=2000%2C2000\" data-amp-layout=\"responsive\"\/><\/figure><\/div><div class=\"tiled-gallery__col\"><figure class=\"tiled-gallery__item\"><img decoding=\"async\" srcset=\"https:\/\/i2.wp.com\/hitsound.fi\/wp-content\/uploads\/2022\/01\/Mia.Joki_Valo.maailman-kopio-1024x1022.jpg?resize=600%2C600&#038;strip=info&#038;ssl=1 600w,https:\/\/i2.wp.com\/hitsound.fi\/wp-content\/uploads\/2022\/01\/Mia.Joki_Valo.maailman-kopio-1024x1022.jpg?resize=900%2C900&#038;strip=info&#038;ssl=1 900w,https:\/\/i2.wp.com\/hitsound.fi\/wp-content\/uploads\/2022\/01\/Mia.Joki_Valo.maailman-kopio-1024x1022.jpg?resize=1200%2C1200&#038;strip=info&#038;ssl=1 1200w,https:\/\/i2.wp.com\/hitsound.fi\/wp-content\/uploads\/2022\/01\/Mia.Joki_Valo.maailman-kopio-1024x1022.jpg?resize=1500%2C1500&#038;strip=info&#038;ssl=1 1500w,https:\/\/i2.wp.com\/hitsound.fi\/wp-content\/uploads\/2022\/01\/Mia.Joki_Valo.maailman-kopio-1024x1022.jpg?resize=1800%2C1800&#038;strip=info&#038;ssl=1 1800w,https:\/\/i2.wp.com\/hitsound.fi\/wp-content\/uploads\/2022\/01\/Mia.Joki_Valo.maailman-kopio-1024x1022.jpg?resize=2000%2C2000&#038;strip=info&#038;ssl=1 2000w\" alt=\"\" data-height=\"2555\" data-id=\"269\" data-link=\"https:\/\/hitsound.fi\/index.php\/musiikkijulkaisut\/mia-joki_valo-maailman-kopio\/\" data-url=\"https:\/\/hitsound.fi\/wp-content\/uploads\/2022\/01\/Mia.Joki_Valo.maailman-kopio-1024x1022.jpg\" data-width=\"2560\" src=\"https:\/\/i2.wp.com\/hitsound.fi\/wp-content\/uploads\/2022\/01\/Mia.Joki_Valo.maailman-kopio-1024x1022.jpg?ssl=1&amp;resize=2000%2C2000\" data-amp-layout=\"responsive\"\/><\/figure><\/div><\/div><div class=\"tiled-gallery__row columns-3\"><div class=\"tiled-gallery__col\"><figure class=\"tiled-gallery__item\"><img decoding=\"async\" srcset=\"https:\/\/i1.wp.com\/hitsound.fi\/wp-content\/uploads\/2022\/01\/kansi-1024x1024.jpg?resize=600%2C600&#038;strip=info&#038;ssl=1 600w,https:\/\/i1.wp.com\/hitsound.fi\/wp-content\/uploads\/2022\/01\/kansi-1024x1024.jpg?resize=900%2C900&#038;strip=info&#038;ssl=1 900w,https:\/\/i1.wp.com\/hitsound.fi\/wp-content\/uploads\/2022\/01\/kansi-1024x1024.jpg?resize=1200%2C1200&#038;strip=info&#038;ssl=1 1200w,https:\/\/i1.wp.com\/hitsound.fi\/wp-content\/uploads\/2022\/01\/kansi-1024x1024.jpg?resize=1500%2C1500&#038;strip=info&#038;ssl=1 1500w,https:\/\/i1.wp.com\/hitsound.fi\/wp-content\/uploads\/2022\/01\/kansi-1024x1024.jpg?resize=1800%2C1800&#038;strip=info&#038;ssl=1 1800w,https:\/\/i1.wp.com\/hitsound.fi\/wp-content\/uploads\/2022\/01\/kansi-1024x1024.jpg?resize=2000%2C2000&#038;strip=info&#038;ssl=1 2000w\" alt=\"\" data-height=\"2557\" data-id=\"265\" data-link=\"https:\/\/hitsound.fi\/index.php\/musiikkijulkaisut\/kansi\/\" data-url=\"https:\/\/hitsound.fi\/wp-content\/uploads\/2022\/01\/kansi-1024x1024.jpg\" data-width=\"2560\" src=\"https:\/\/i1.wp.com\/hitsound.fi\/wp-content\/uploads\/2022\/01\/kansi-1024x1024.jpg?ssl=1&amp;resize=2000%2C2000\" data-amp-layout=\"responsive\"\/><\/figure><\/div><div class=\"tiled-gallery__col\"><figure class=\"tiled-gallery__item\"><img decoding=\"async\" srcset=\"https:\/\/i0.wp.com\/hitsound.fi\/wp-content\/uploads\/2022\/01\/Laulan.laulan.new_.jpeg?resize=600%2C600&#038;strip=info&#038;ssl=1 600w,https:\/\/i0.wp.com\/hitsound.fi\/wp-content\/uploads\/2022\/01\/Laulan.laulan.new_.jpeg?resize=900%2C900&#038;strip=info&#038;ssl=1 900w,https:\/\/i0.wp.com\/hitsound.fi\/wp-content\/uploads\/2022\/01\/Laulan.laulan.new_.jpeg?resize=960%2C960&#038;strip=info&#038;ssl=1 960w\" alt=\"\" data-height=\"960\" data-id=\"163\" data-link=\"https:\/\/hitsound.fi\/index.php\/hitsoud\/laulan-laulan-new_\/\" data-url=\"https:\/\/hitsound.fi\/wp-content\/uploads\/2022\/01\/Laulan.laulan.new_.jpeg\" data-width=\"960\" src=\"https:\/\/i0.wp.com\/hitsound.fi\/wp-content\/uploads\/2022\/01\/Laulan.laulan.new_.jpeg?ssl=1&amp;resize=960%2C960\" data-amp-layout=\"responsive\"\/><\/figure><\/div><div class=\"tiled-gallery__col\"><figure class=\"tiled-gallery__item\"><img decoding=\"async\" srcset=\"https:\/\/i0.wp.com\/hitsound.fi\/wp-content\/uploads\/2022\/01\/kansi.nettiin.jpg?resize=469%2C469&#038;strip=info&#038;ssl=1 469w\" alt=\"\" data-height=\"476\" data-id=\"145\" data-link=\"https:\/\/hitsound.fi\/?attachment_id=145\" data-url=\"https:\/\/hitsound.fi\/wp-content\/uploads\/2022\/01\/kansi.nettiin.jpg\" data-width=\"469\" src=\"https:\/\/i0.wp.com\/hitsound.fi\/wp-content\/uploads\/2022\/01\/kansi.nettiin.jpg?ssl=1&amp;resize=469%2C469\" data-amp-layout=\"responsive\"\/><\/figure><\/div><\/div><div class=\"tiled-gallery__row columns-3\"><div class=\"tiled-gallery__col\"><figure class=\"tiled-gallery__item\"><img decoding=\"async\" srcset=\"https:\/\/i2.wp.com\/hitsound.fi\/wp-content\/uploads\/2022\/01\/kansi-kopio-1014x1024.jpg?resize=600%2C600&#038;strip=info&#038;ssl=1 600w,https:\/\/i2.wp.com\/hitsound.fi\/wp-content\/uploads\/2022\/01\/kansi-kopio-1014x1024.jpg?resize=900%2C900&#038;strip=info&#038;ssl=1 900w,https:\/\/i2.wp.com\/hitsound.fi\/wp-content\/uploads\/2022\/01\/kansi-kopio-1014x1024.jpg?resize=1200%2C1200&#038;strip=info&#038;ssl=1 1200w,https:\/\/i2.wp.com\/hitsound.fi\/wp-content\/uploads\/2022\/01\/kansi-kopio-1014x1024.jpg?resize=1476%2C1476&#038;strip=info&#038;ssl=1 1476w\" alt=\"\" data-height=\"1490\" data-id=\"143\" data-link=\"https:\/\/hitsound.fi\/?attachment_id=143\" data-url=\"https:\/\/hitsound.fi\/wp-content\/uploads\/2022\/01\/kansi-kopio-1014x1024.jpg\" data-width=\"1476\" src=\"https:\/\/i2.wp.com\/hitsound.fi\/wp-content\/uploads\/2022\/01\/kansi-kopio-1014x1024.jpg?ssl=1&amp;resize=1476%2C1476\" data-amp-layout=\"responsive\"\/><\/figure><\/div><div class=\"tiled-gallery__col\"><figure class=\"tiled-gallery__item\"><img decoding=\"async\" srcset=\"https:\/\/i1.wp.com\/hitsound.fi\/wp-content\/uploads\/2022\/01\/Kuin.kyyhkynen-1006x1024.jpg?resize=600%2C600&#038;strip=info&#038;ssl=1 600w,https:\/\/i1.wp.com\/hitsound.fi\/wp-content\/uploads\/2022\/01\/Kuin.kyyhkynen-1006x1024.jpg?resize=900%2C900&#038;strip=info&#038;ssl=1 900w,https:\/\/i1.wp.com\/hitsound.fi\/wp-content\/uploads\/2022\/01\/Kuin.kyyhkynen-1006x1024.jpg?resize=1200%2C1200&#038;strip=info&#038;ssl=1 1200w,https:\/\/i1.wp.com\/hitsound.fi\/wp-content\/uploads\/2022\/01\/Kuin.kyyhkynen-1006x1024.jpg?resize=1446%2C1446&#038;strip=info&#038;ssl=1 1446w\" alt=\"\" data-height=\"1472\" data-id=\"160\" data-link=\"https:\/\/hitsound.fi\/index.php\/hitsoud\/kuin-kyyhkynen\/\" data-url=\"https:\/\/hitsound.fi\/wp-content\/uploads\/2022\/01\/Kuin.kyyhkynen-1006x1024.jpg\" data-width=\"1446\" src=\"https:\/\/i1.wp.com\/hitsound.fi\/wp-content\/uploads\/2022\/01\/Kuin.kyyhkynen-1006x1024.jpg?ssl=1&amp;resize=1446%2C1446\" data-amp-layout=\"responsive\"\/><\/figure><\/div><div class=\"tiled-gallery__col\"><figure class=\"tiled-gallery__item\"><img decoding=\"async\" srcset=\"https:\/\/i2.wp.com\/hitsound.fi\/wp-content\/uploads\/2022\/01\/cd.what_.is_.love_.about_.iso_.jpg?resize=300%2C300&#038;strip=info&#038;ssl=1 300w\" alt=\"\" data-height=\"300\" data-id=\"258\" data-link=\"https:\/\/hitsound.fi\/index.php\/musiikkijulkaisut\/cd-what_-is_-love_-about_-iso_\/\" data-url=\"https:\/\/hitsound.fi\/wp-content\/uploads\/2022\/01\/cd.what_.is_.love_.about_.iso_.jpg\" data-width=\"302\" src=\"https:\/\/i2.wp.com\/hitsound.fi\/wp-content\/uploads\/2022\/01\/cd.what_.is_.love_.about_.iso_.jpg?ssl=1&amp;resize=300%2C300\" data-amp-layout=\"responsive\"\/><\/figure><\/div><\/div><div class=\"tiled-gallery__row columns-3\"><div class=\"tiled-gallery__col\"><figure class=\"tiled-gallery__item\"><img decoding=\"async\" srcset=\"https:\/\/i2.wp.com\/hitsound.fi\/wp-content\/uploads\/2022\/01\/cd.han_.new_.jpg?resize=437%2C437&#038;strip=info&#038;ssl=1 437w\" alt=\"\" data-height=\"437\" data-id=\"257\" data-link=\"https:\/\/hitsound.fi\/index.php\/musiikkijulkaisut\/cd-han_-new_\/\" data-url=\"https:\/\/hitsound.fi\/wp-content\/uploads\/2022\/01\/cd.han_.new_.jpg\" data-width=\"472\" src=\"https:\/\/i2.wp.com\/hitsound.fi\/wp-content\/uploads\/2022\/01\/cd.han_.new_.jpg?ssl=1&amp;resize=437%2C437\" data-amp-layout=\"responsive\"\/><\/figure><\/div><div class=\"tiled-gallery__col\"><figure class=\"tiled-gallery__item\"><img decoding=\"async\" srcset=\"https:\/\/i1.wp.com\/hitsound.fi\/wp-content\/uploads\/2022\/01\/siskot.etukansi-1.jpg?resize=225%2C225&#038;strip=info&#038;ssl=1 225w\" alt=\"\" data-height=\"227\" data-id=\"260\" data-link=\"https:\/\/hitsound.fi\/index.php\/musiikkijulkaisut\/siskot-etukansi-1\/\" data-url=\"https:\/\/hitsound.fi\/wp-content\/uploads\/2022\/01\/siskot.etukansi-1.jpg\" data-width=\"225\" src=\"https:\/\/i1.wp.com\/hitsound.fi\/wp-content\/uploads\/2022\/01\/siskot.etukansi-1.jpg?ssl=1&amp;resize=225%2C225\" data-amp-layout=\"responsive\"\/><\/figure><\/div><div class=\"tiled-gallery__col\"><figure class=\"tiled-gallery__item\"><img decoding=\"async\" srcset=\"https:\/\/i0.wp.com\/hitsound.fi\/wp-content\/uploads\/2022\/01\/Cdetu-1.jpg?resize=200%2C200&#038;strip=info&#038;ssl=1 200w\" alt=\"\" data-height=\"203\" data-id=\"259\" data-link=\"https:\/\/hitsound.fi\/index.php\/musiikkijulkaisut\/cdetu-1\/\" data-url=\"https:\/\/hitsound.fi\/wp-content\/uploads\/2022\/01\/Cdetu-1.jpg\" data-width=\"200\" src=\"https:\/\/i0.wp.com\/hitsound.fi\/wp-content\/uploads\/2022\/01\/Cdetu-1.jpg?ssl=1&amp;resize=200%2C200\" data-amp-layout=\"responsive\"\/><\/figure><\/div><\/div><\/div><\/div>\n<\/div><\/div>\n\n\n\n<blockquote class=\"wp-block-quote is-style-large is-layout-flow wp-block-quote-is-layout-flow\">\n<p>Musiikkivideoita<\/p>\n<\/blockquote>\n\n\n\n<p class=\"has-background-background-color has-text-color has-background\" style=\"color:#a5f8f3\">Jo ennen TV-ohjelmia Hitsoundilla editoitiin musiikkivideoita. Ensin Green screenill\u00e4 ja lopulta kolmella eri kameralla sek\u00e4 kahdella kopterilla. Vanhojen ja uusien musiikkivideoiden ero alkaa olla jo melkoinen, mutta aina riitt\u00e4\u00e4 opittavaa. Nyt pit\u00e4\u00e4 jo kiivet\u00e4 Petra-kalliolle Patmoksen saarella tai Aavasaksan huipulle Ylitorniossa (tuhansien hyttysten sy\u00f6t\u00e4v\u00e4ksi), mik\u00e4li haluaa komeita maisemia musiikkivideolle&#8230;<\/p>\n\n\n\n<figure class=\"wp-block-embed is-type-video is-provider-youtube wp-block-embed-youtube wp-embed-aspect-16-9 wp-has-aspect-ratio\"><div class=\"wp-block-embed__wrapper\">\n<iframe loading=\"lazy\" title=\"Mia Joki &#039;Aina ja iankaikkisesti&#039; (Ilmestyskirja 5)\" width=\"580\" height=\"326\" src=\"https:\/\/www.youtube.com\/embed\/HnJ6SkGD228?feature=oembed\" frameborder=\"0\" allow=\"accelerometer; autoplay; clipboard-write; encrypted-media; gyroscope; picture-in-picture; web-share\" referrerpolicy=\"strict-origin-when-cross-origin\" allowfullscreen><\/iframe>\n<\/div><\/figure>\n\n\n\n<figure class=\"wp-block-embed is-type-video is-provider-youtube wp-block-embed-youtube wp-embed-aspect-16-9 wp-has-aspect-ratio\"><div class=\"wp-block-embed__wrapper\">\n<iframe loading=\"lazy\" title=\"Mia Joki &#039;Jotka odottavat Herraa saavat uuden Voiman&#039;\" width=\"580\" height=\"326\" src=\"https:\/\/www.youtube.com\/embed\/GjEdwJkpJZw?feature=oembed\" frameborder=\"0\" allow=\"accelerometer; autoplay; clipboard-write; encrypted-media; gyroscope; picture-in-picture; web-share\" referrerpolicy=\"strict-origin-when-cross-origin\" allowfullscreen><\/iframe>\n<\/div><\/figure>\n","protected":false},"excerpt":{"rendered":"<p>&#8220;Kun olin myynyt 45 000 levy\u00e4ni ja lopettanut urani ravintola- ja radio DJ:n\u00e4, koitti hiljainen aika&#8230; Sitten Jumala antoi minulle musiikin uudelleen, nyt aivan uudella tavalla. Tahdon tehd\u00e4 musiikkia, mik\u00e4 kertoo Jumalan rakkaudesta ihmist\u00e4 kohtaan.&#8221; CD-tuotanto alkoi vuonna 2000, jolloin &#8216;Uusi syd\u00e4n&#8217; julkaistiin sisarusparven laulamana. Aiheesta uutisoi kymmenen eri lehte\u00e4. Nyt, vuoteen 2025 menness\u00e4, Hitsound [&hellip;]<\/p>\n","protected":false},"author":1,"featured_media":107,"parent":0,"menu_order":0,"comment_status":"closed","ping_status":"closed","template":"","meta":{"spay_email":"","footnotes":""},"class_list":["post-252","page","type-page","status-publish","has-post-thumbnail","hentry"],"_links":{"self":[{"href":"https:\/\/hitsound.fi\/index.php\/wp-json\/wp\/v2\/pages\/252","targetHints":{"allow":["GET"]}}],"collection":[{"href":"https:\/\/hitsound.fi\/index.php\/wp-json\/wp\/v2\/pages"}],"about":[{"href":"https:\/\/hitsound.fi\/index.php\/wp-json\/wp\/v2\/types\/page"}],"author":[{"embeddable":true,"href":"https:\/\/hitsound.fi\/index.php\/wp-json\/wp\/v2\/users\/1"}],"replies":[{"embeddable":true,"href":"https:\/\/hitsound.fi\/index.php\/wp-json\/wp\/v2\/comments?post=252"}],"version-history":[{"count":89,"href":"https:\/\/hitsound.fi\/index.php\/wp-json\/wp\/v2\/pages\/252\/revisions"}],"predecessor-version":[{"id":492,"href":"https:\/\/hitsound.fi\/index.php\/wp-json\/wp\/v2\/pages\/252\/revisions\/492"}],"wp:featuredmedia":[{"embeddable":true,"href":"https:\/\/hitsound.fi\/index.php\/wp-json\/wp\/v2\/media\/107"}],"wp:attachment":[{"href":"https:\/\/hitsound.fi\/index.php\/wp-json\/wp\/v2\/media?parent=252"}],"curies":[{"name":"wp","href":"https:\/\/api.w.org\/{rel}","templated":true}]}}