{"id":2,"date":"2022-01-20T21:39:50","date_gmt":"2022-01-20T21:39:50","guid":{"rendered":"https:\/\/hitsound.fi\/?page_id=2"},"modified":"2025-02-09T01:09:38","modified_gmt":"2025-02-09T01:09:38","slug":"sample-page","status":"publish","type":"page","link":"https:\/\/hitsound.fi\/index.php\/sample-page\/","title":{"rendered":"TV-ohjelmat"},"content":{"rendered":"\n<p class=\"has-primary-color has-background-background-color has-text-color has-background\">Nelj\u00e4 vuotta Hitsound studiolla kuvauskalustoa kehiteltiin, kuvaamista harjoiteltiin ja editointitekniikkaa opeteltiin. Samaan aikaan kuvattiin mielenkiintoisten persoonien el\u00e4m\u00e4nkertoja talteen, sellaisten ihmisten, joilla oli koskettava el\u00e4m\u00e4ntarina.<\/p>\n\n\n\n<blockquote class=\"wp-block-quote is-style-large is-layout-flow wp-block-quote-is-layout-flow\">\n<p>8.tammikuuta 2017 ensimm\u00e4inen Hitsoundin tuottama ohjelma n\u00e4ytettiin Taivas TV7 kanavalla. TV-ty\u00f6 oli alkanut! <\/p>\n<\/blockquote>\n\n\n\n<p class=\"has-primary-color has-background-background-color has-text-color has-background\">V\u00e4hitellen &#8216;Vain yksi tie&#8217; -sarja sai lis\u00e4\u00e4 katsojia ja muutamassa kuukaudessa se nousi katsotuimpien listalle yh\u00e4 uudelleen. Se innosti!<\/p>\n\n\n\n<blockquote class=\"wp-block-quote is-style-large is-layout-flow wp-block-quote-is-layout-flow\">\n<p>Erikoisohjelmien tuottaminen alkoi, kun saimme tilauksen TV-yhti\u00f6lt\u00e4 tehd\u00e4 ohjelma omasta joulustamme. <\/p>\n<\/blockquote>\n\n\n\n<p class=\"has-primary-color has-background-background-color has-text-color has-background\">Aikaa oli kolme p\u00e4iv\u00e4\u00e4 kuvauksiin ja editointeihin. Mukana olivat kaikki kuusi lastamme. Vaikka kuvaaminen ja lasten sek\u00e4 koirien  &#8216;per\u00e4ss\u00e4 juokseminen kameran kanssa&#8217; oli melko haastavaa, ohjelma saatiin valmiiksi aikataulussa. Lopputulos oli todellakin sit\u00e4, mit\u00e4 tilattiin: Perhejoulu. <a rel=\"noreferrer noopener\" href=\"https:\/\/www.tv7.fi\/vod\/player\/71304\/\" target=\"_blank\">Katso ohjelma <\/a><\/p>\n\n\n\n<figure class=\"wp-block-image size-large\"><img loading=\"lazy\" decoding=\"async\" width=\"1024\" height=\"597\" src=\"https:\/\/hitsound.fi\/wp-content\/uploads\/2022\/01\/perhe.Joki_-1024x597.jpg\" alt=\"\" class=\"wp-image-179\" srcset=\"https:\/\/hitsound.fi\/wp-content\/uploads\/2022\/01\/perhe.Joki_-1024x597.jpg 1024w, https:\/\/hitsound.fi\/wp-content\/uploads\/2022\/01\/perhe.Joki_-300x175.jpg 300w, https:\/\/hitsound.fi\/wp-content\/uploads\/2022\/01\/perhe.Joki_-768x448.jpg 768w, https:\/\/hitsound.fi\/wp-content\/uploads\/2022\/01\/perhe.Joki_-1536x895.jpg 1536w, https:\/\/hitsound.fi\/wp-content\/uploads\/2022\/01\/perhe.Joki_-2048x1193.jpg 2048w, https:\/\/hitsound.fi\/wp-content\/uploads\/2022\/01\/perhe.Joki_-1200x699.jpg 1200w, https:\/\/hitsound.fi\/wp-content\/uploads\/2022\/01\/perhe.Joki_-1980x1154.jpg 1980w, https:\/\/hitsound.fi\/wp-content\/uploads\/2022\/01\/perhe.Joki_-600x350.jpg 600w\" sizes=\"auto, (max-width: 1024px) 100vw, 1024px\" \/><\/figure>\n\n\n\n<p class=\"has-primary-color has-background-background-color has-text-color has-background\">Dokumentti-ohjelmat alkoivat innostaa, kun saimme tiet\u00e4\u00e4, ett\u00e4 l\u00e4hist\u00f6ll\u00e4 on vaikuttanut monelle tuntematon, mutta suuri vaikuttaja, jopa Suomen itsen\u00e4isyyteen. Kyseess\u00e4 oli mies, nimelt\u00e4 Aarne Ylpp\u00f6, kuuluisan lastenl\u00e4\u00e4k\u00e4rin Arvo Ylp\u00f6n veli. L\u00f6ysimme ihmisi\u00e4, jotka tunsivat Ylpp\u00f6jen sukulaisia ja tiesiv\u00e4t miehest\u00e4 enemm\u00e4n, kuten Aarnen yhteyksist\u00e4 marsalkka Mannerheimiin. Suomen itsen\u00e4isyysp\u00e4iv\u00e4n\u00e4 6.12.2018 dokumentti-ohjelma Aarne Ylpp\u00f6 &#8211; Suomen pelastaja? sai ensi-iltansa. <a rel=\"noreferrer noopener\" href=\"https:\/\/www.tv7.fi\/vod\/player\/66923\/\" target=\"_blank\">Katso ohjelma.<\/a><\/p>\n\n\n\n<figure class=\"wp-block-image size-large\"><img loading=\"lazy\" decoding=\"async\" width=\"1024\" height=\"659\" src=\"https:\/\/hitsound.fi\/wp-content\/uploads\/2022\/01\/1929-Aarne-Ylppo-1024x659.jpg\" alt=\"\" class=\"wp-image-183\" srcset=\"https:\/\/hitsound.fi\/wp-content\/uploads\/2022\/01\/1929-Aarne-Ylppo-1024x659.jpg 1024w, https:\/\/hitsound.fi\/wp-content\/uploads\/2022\/01\/1929-Aarne-Ylppo-300x193.jpg 300w, https:\/\/hitsound.fi\/wp-content\/uploads\/2022\/01\/1929-Aarne-Ylppo-768x494.jpg 768w, https:\/\/hitsound.fi\/wp-content\/uploads\/2022\/01\/1929-Aarne-Ylppo-1536x989.jpg 1536w, https:\/\/hitsound.fi\/wp-content\/uploads\/2022\/01\/1929-Aarne-Ylppo-2048x1318.jpg 2048w, https:\/\/hitsound.fi\/wp-content\/uploads\/2022\/01\/1929-Aarne-Ylppo-1200x772.jpg 1200w, https:\/\/hitsound.fi\/wp-content\/uploads\/2022\/01\/1929-Aarne-Ylppo-1980x1274.jpg 1980w, https:\/\/hitsound.fi\/wp-content\/uploads\/2022\/01\/1929-Aarne-Ylppo-600x386.jpg 600w\" sizes=\"auto, (max-width: 1024px) 100vw, 1024px\" \/><\/figure>\n\n\n\n<blockquote class=\"wp-block-quote is-style-large is-layout-flow wp-block-quote-is-layout-flow\">\n<p>Aarne Ylp\u00f6n dokumentti oli monta p\u00e4iv\u00e4\u00e4 arkiston katsotuin. Se innosti jatkamaan dokumenttien ty\u00f6st\u00e4mist\u00e4.<\/p>\n<\/blockquote>\n\n\n\n<p class=\"has-primary-color has-background-background-color has-text-color has-background\">Jo seuraavana kes\u00e4n\u00e4 teimme kuvausmatkoja kolmekin kappaletta Lappiin kuvataksemme selv\u00e4sti kristitys ja kansan suosiota nauttivan presidentin, Ky\u00f6sti Kallion, synnyinseutuja. Ongimme k\u00e4siimme professori Kari Hokkasen, ja l\u00e4\u00e4ninrovasti Tuomo T\u00f6rm\u00e4sen, jotka tiesiv\u00e4t Kallion el\u00e4m\u00e4st\u00e4 enemm\u00e4n, kuin mit\u00e4 kirjoista olemme saaneet lukea. Teht\u00e4v\u00e4 oli mielenkiintoinen. Vierailimme my\u00f6s Kallio museossa ja  h\u00e4nen synnyinkodissaan, sek\u00e4 asemalla, miss\u00e4 h\u00e4net yritettiin ampua.<\/p>\n\n\n\n<blockquote class=\"wp-block-quote is-style-large is-layout-flow wp-block-quote-is-layout-flow\">\n<p class=\"has-primary-color has-text-color has-link-color wp-elements-36f0d425a97922638b8e0bae3e162be7\">Itsen\u00e4isyysp\u00e4iv\u00e4n\u00e4 6.12.2020 &#8216;Ky\u00f6sti Kallion erityinen teht\u00e4v\u00e4&#8217; sai ensiesityksens\u00e4. <\/p>\n<\/blockquote>\n\n\n\n<p><a rel=\"noreferrer noopener\" href=\"https:\/\/www.tv7.fi\/vod\/player\/78029\/\" target=\"_blank\">Katso Hitsoundin tuottama ohjelma Ky\u00f6sti kallion el\u00e4m\u00e4st\u00e4.<\/a><\/p>\n\n\n\n<figure class=\"wp-block-image size-large\"><img loading=\"lazy\" decoding=\"async\" width=\"1024\" height=\"688\" src=\"https:\/\/hitsound.fi\/wp-content\/uploads\/2022\/01\/kyosti_kallioJPG-1024x688.jpg\" alt=\"\" class=\"wp-image-187\" srcset=\"https:\/\/hitsound.fi\/wp-content\/uploads\/2022\/01\/kyosti_kallioJPG-1024x688.jpg 1024w, https:\/\/hitsound.fi\/wp-content\/uploads\/2022\/01\/kyosti_kallioJPG-300x202.jpg 300w, https:\/\/hitsound.fi\/wp-content\/uploads\/2022\/01\/kyosti_kallioJPG-768x516.jpg 768w, https:\/\/hitsound.fi\/wp-content\/uploads\/2022\/01\/kyosti_kallioJPG-1536x1032.jpg 1536w, https:\/\/hitsound.fi\/wp-content\/uploads\/2022\/01\/kyosti_kallioJPG-2048x1376.jpg 2048w, https:\/\/hitsound.fi\/wp-content\/uploads\/2022\/01\/kyosti_kallioJPG-1200x806.jpg 1200w, https:\/\/hitsound.fi\/wp-content\/uploads\/2022\/01\/kyosti_kallioJPG-1980x1330.jpg 1980w, https:\/\/hitsound.fi\/wp-content\/uploads\/2022\/01\/kyosti_kallioJPG-600x403.jpg 600w\" sizes=\"auto, (max-width: 1024px) 100vw, 1024px\" \/><\/figure>\n\n\n\n<h2 class=\"wp-block-heading\">Em\u00e4nt\u00e4 ja evankelista TV-sarja<\/h2>\n\n\n\n<p class=\"has-primary-color has-text-color has-link-color wp-elements-fcbdc528b218e82ed27d64c9dadde71a\">TV7 tilasi meilt\u00e4 TV-sarjan, mik\u00e4 k\u00e4sittelisi perin v\u00e4rik\u00e4st\u00e4 persoonaa, Liisa Puraa. Teht\u00e4v\u00e4 otettiin ilolla vastaan. Kolmiosaisen sarjan tekeminen oli mielenkiintoinen projekti. Naisen el\u00e4m\u00e4 oli t\u00e4ynn\u00e4 iloa, mutta my\u00f6s valtavia menetyksi\u00e4. H\u00e4nt\u00e4 kuvattiin taiteilijakodissaan ja t\u00e4rkeill\u00e4 tapahtumapaikoilla Suomen kauneimmassa kes\u00e4ss\u00e4. Ohjelmasarjasta tuli TV7 arkiston katsotuimpia ja Liisa sai siit\u00e4 paljon kiitosta. Olimme iloisia palautteesta, koska ohjelma huokui ilosanomaa! <\/p>\n\n\n\n<p><a href=\"https:\/\/www.tv7.fi\/arkki\/liisa-pura-emanta-ja-evankelista_s84861\/\" target=\"_blank\" rel=\"noreferrer noopener\">Katso sarja: Liisa Pura &#8216;Em\u00e4nt\u00e4 ja evankelista&#8217;<\/a><\/p>\n\n\n\n<figure class=\"wp-block-image size-large\"><img loading=\"lazy\" decoding=\"async\" width=\"1024\" height=\"518\" src=\"https:\/\/hitsound.fi\/wp-content\/uploads\/2022\/01\/liisa.pura_-1024x518.jpg\" alt=\"\" class=\"wp-image-85\" srcset=\"https:\/\/hitsound.fi\/wp-content\/uploads\/2022\/01\/liisa.pura_-1024x518.jpg 1024w, https:\/\/hitsound.fi\/wp-content\/uploads\/2022\/01\/liisa.pura_-scaled-600x303.jpg 600w, https:\/\/hitsound.fi\/wp-content\/uploads\/2022\/01\/liisa.pura_-300x152.jpg 300w, https:\/\/hitsound.fi\/wp-content\/uploads\/2022\/01\/liisa.pura_-768x388.jpg 768w, https:\/\/hitsound.fi\/wp-content\/uploads\/2022\/01\/liisa.pura_-1536x776.jpg 1536w, https:\/\/hitsound.fi\/wp-content\/uploads\/2022\/01\/liisa.pura_-2048x1035.jpg 2048w, https:\/\/hitsound.fi\/wp-content\/uploads\/2022\/01\/liisa.pura_-1200x607.jpg 1200w, https:\/\/hitsound.fi\/wp-content\/uploads\/2022\/01\/liisa.pura_-1980x1001.jpg 1980w\" sizes=\"auto, (max-width: 1024px) 100vw, 1024px\" \/><\/figure>\n\n\n\n<h2 class=\"wp-block-heading\">Raatteentien ihme<\/h2>\n\n\n\n<p class=\"has-primary-color has-text-color has-link-color wp-elements-93bfc43ec8236fbb3856aadee178da90\">Pyh\u00e4n maan kristityt ry:n puheenjohtaja, pappi Timo Suutari, kutsui meid\u00e4t tutustumaan Rajavartioasemaan Raatteentielle. Timo kertoi alueen historiasta, josta innostuneina kuvasimme kolme p\u00e4iv\u00e4\u00e4 autenttisessa ymp\u00e4rist\u00f6ss\u00e4  materiaalit dokumenttia varten, jonka TV7 otti mielenkiinnolla ohjelmistoonsa. &#8216;Vihollinen oli ylitt\u00e4nyt Suomen rajan. Rajavartiomiehen h\u00e4t\u00e4huutoa ei uskottu. Vastassa oli valtava ylivoima&#8230;&#8217;<\/p>\n\n\n\n<p>Su 9.3.25 klo 19:30 TV7 ensiesitys &#8211; suora linkki <a href=\"https:\/\/www.tv7.fi\/arkki\/raatteentien-ihme_p103684\/\">t\u00e4ss\u00e4.<\/a><\/p>\n\n\n\n<figure class=\"wp-block-image size-large\"><img loading=\"lazy\" decoding=\"async\" width=\"1024\" height=\"531\" src=\"https:\/\/hitsound.fi\/wp-content\/uploads\/2025\/02\/Nayttokuva-2025-2-9-kello-2.55.08-1024x531.png\" alt=\"\" class=\"wp-image-485\" srcset=\"https:\/\/hitsound.fi\/wp-content\/uploads\/2025\/02\/Nayttokuva-2025-2-9-kello-2.55.08-1024x531.png 1024w, https:\/\/hitsound.fi\/wp-content\/uploads\/2025\/02\/Nayttokuva-2025-2-9-kello-2.55.08-300x156.png 300w, https:\/\/hitsound.fi\/wp-content\/uploads\/2025\/02\/Nayttokuva-2025-2-9-kello-2.55.08-768x398.png 768w, https:\/\/hitsound.fi\/wp-content\/uploads\/2025\/02\/Nayttokuva-2025-2-9-kello-2.55.08-1536x796.png 1536w, https:\/\/hitsound.fi\/wp-content\/uploads\/2025\/02\/Nayttokuva-2025-2-9-kello-2.55.08-2048x1062.png 2048w, https:\/\/hitsound.fi\/wp-content\/uploads\/2025\/02\/Nayttokuva-2025-2-9-kello-2.55.08-1200x622.png 1200w, https:\/\/hitsound.fi\/wp-content\/uploads\/2025\/02\/Nayttokuva-2025-2-9-kello-2.55.08-1980x1026.png 1980w, https:\/\/hitsound.fi\/wp-content\/uploads\/2025\/02\/Nayttokuva-2025-2-9-kello-2.55.08-600x311.png 600w\" sizes=\"auto, (max-width: 1024px) 100vw, 1024px\" \/><\/figure>\n\n\n\n<h2 class=\"wp-block-heading\">Puolellasi Israel -sarja<\/h2>\n\n\n\n<p>Valtakunnallinen &#8216;Puolellasi Israel&#8217; -suurtapahtumap\u00e4iv\u00e4n puheista tehtiin yleis\u00f6n pyynn\u00f6st\u00e4 sarja, joka on n\u00e4ht\u00e4viss\u00e4 TV7:ll\u00e4 sunnuntaisin 2025 seuraavasti: <\/p>\n\n\n\n<p>16.3. klo 19 Harri Joki \u201910 syyt\u00e4 seist\u00e4 Israelin rinnalla\u2019<br>30.3. klo 19 Pekka Sartola \u2019Kahden valtion malli. Realismia vai utopiaa?\u2019<br>6.4. klo 19 Pekka Sartola \u2019Tuleeko meid\u00e4n siunata Israelia\u2019<br>13.4. klo 19 Sari Leskinen \u2019Raamatun heprealaiset salaisuudet\u2019<br>27.4. klo 19 Susanna Kokkonen \u2019Antisemitismin kasvot ajassamme\u2019<br>4.5. klo 19 Peter \u00d6stman \u2019Suomen ja Israelin valtiolliset suhteet\u2019<\/p>\n\n\n\n<figure class=\"wp-block-image size-large\"><img loading=\"lazy\" decoding=\"async\" width=\"1024\" height=\"577\" src=\"https:\/\/hitsound.fi\/wp-content\/uploads\/2025\/02\/tapahtuma.mainos.vaaka_-scaled-e1739060084590-1024x577.jpg\" alt=\"\" class=\"wp-image-471\" srcset=\"https:\/\/hitsound.fi\/wp-content\/uploads\/2025\/02\/tapahtuma.mainos.vaaka_-scaled-e1739060084590-1024x577.jpg 1024w, https:\/\/hitsound.fi\/wp-content\/uploads\/2025\/02\/tapahtuma.mainos.vaaka_-scaled-e1739060084590-300x169.jpg 300w, https:\/\/hitsound.fi\/wp-content\/uploads\/2025\/02\/tapahtuma.mainos.vaaka_-scaled-e1739060084590-768x433.jpg 768w, https:\/\/hitsound.fi\/wp-content\/uploads\/2025\/02\/tapahtuma.mainos.vaaka_-scaled-e1739060084590-1536x865.jpg 1536w, https:\/\/hitsound.fi\/wp-content\/uploads\/2025\/02\/tapahtuma.mainos.vaaka_-scaled-e1739060084590-2048x1154.jpg 2048w, https:\/\/hitsound.fi\/wp-content\/uploads\/2025\/02\/tapahtuma.mainos.vaaka_-scaled-e1739060084590-1200x676.jpg 1200w, https:\/\/hitsound.fi\/wp-content\/uploads\/2025\/02\/tapahtuma.mainos.vaaka_-scaled-e1739060084590-1980x1115.jpg 1980w, https:\/\/hitsound.fi\/wp-content\/uploads\/2025\/02\/tapahtuma.mainos.vaaka_-scaled-e1739060084590-600x338.jpg 600w\" sizes=\"auto, (max-width: 1024px) 100vw, 1024px\" \/><\/figure>\n","protected":false},"excerpt":{"rendered":"<p>Nelj\u00e4 vuotta Hitsound studiolla kuvauskalustoa kehiteltiin, kuvaamista harjoiteltiin ja editointitekniikkaa opeteltiin. Samaan aikaan kuvattiin mielenkiintoisten persoonien el\u00e4m\u00e4nkertoja talteen, sellaisten ihmisten, joilla oli koskettava el\u00e4m\u00e4ntarina. 8.tammikuuta 2017 ensimm\u00e4inen Hitsoundin tuottama ohjelma n\u00e4ytettiin Taivas TV7 kanavalla. TV-ty\u00f6 oli alkanut! V\u00e4hitellen &#8216;Vain yksi tie&#8217; -sarja sai lis\u00e4\u00e4 katsojia ja muutamassa kuukaudessa se nousi katsotuimpien listalle yh\u00e4 uudelleen. Se [&hellip;]<\/p>\n","protected":false},"author":1,"featured_media":96,"parent":0,"menu_order":0,"comment_status":"closed","ping_status":"open","template":"","meta":{"spay_email":"","footnotes":""},"class_list":["post-2","page","type-page","status-publish","has-post-thumbnail","hentry"],"_links":{"self":[{"href":"https:\/\/hitsound.fi\/index.php\/wp-json\/wp\/v2\/pages\/2","targetHints":{"allow":["GET"]}}],"collection":[{"href":"https:\/\/hitsound.fi\/index.php\/wp-json\/wp\/v2\/pages"}],"about":[{"href":"https:\/\/hitsound.fi\/index.php\/wp-json\/wp\/v2\/types\/page"}],"author":[{"embeddable":true,"href":"https:\/\/hitsound.fi\/index.php\/wp-json\/wp\/v2\/users\/1"}],"replies":[{"embeddable":true,"href":"https:\/\/hitsound.fi\/index.php\/wp-json\/wp\/v2\/comments?post=2"}],"version-history":[{"count":15,"href":"https:\/\/hitsound.fi\/index.php\/wp-json\/wp\/v2\/pages\/2\/revisions"}],"predecessor-version":[{"id":488,"href":"https:\/\/hitsound.fi\/index.php\/wp-json\/wp\/v2\/pages\/2\/revisions\/488"}],"wp:featuredmedia":[{"embeddable":true,"href":"https:\/\/hitsound.fi\/index.php\/wp-json\/wp\/v2\/media\/96"}],"wp:attachment":[{"href":"https:\/\/hitsound.fi\/index.php\/wp-json\/wp\/v2\/media?parent=2"}],"curies":[{"name":"wp","href":"https:\/\/api.w.org\/{rel}","templated":true}]}}